{"id":16,"date":"2025-04-04T12:20:18","date_gmt":"2025-04-04T10:20:18","guid":{"rendered":"https:\/\/www.nsconsult.fr\/?page_id=16"},"modified":"2025-04-07T16:21:50","modified_gmt":"2025-04-07T14:21:50","slug":"offres-cloud","status":"publish","type":"page","link":"https:\/\/www.nsconsult.fr\/index.php\/offres-cloud\/","title":{"rendered":"Offres Cloud"},"content":{"rendered":"\n<div class=\"wp-block-group is-nowrap is-layout-flex wp-container-core-group-is-layout-6c531013 wp-block-group-is-layout-flex\">\n<p><\/p>\n\n\n\n<p><\/p>\n\n\n\n<figure class=\"wp-block-image size-full is-resized\"><img loading=\"lazy\" decoding=\"async\" width=\"1024\" height=\"1024\" src=\"https:\/\/www.nsconsult.fr\/wp-content\/uploads\/2025\/04\/Designer-1.jpeg\" alt=\"\" class=\"wp-image-32\" style=\"width:348px;height:auto\" srcset=\"https:\/\/www.nsconsult.fr\/wp-content\/uploads\/2025\/04\/Designer-1.jpeg 1024w, https:\/\/www.nsconsult.fr\/wp-content\/uploads\/2025\/04\/Designer-1-300x300.jpeg 300w, https:\/\/www.nsconsult.fr\/wp-content\/uploads\/2025\/04\/Designer-1-150x150.jpeg 150w, https:\/\/www.nsconsult.fr\/wp-content\/uploads\/2025\/04\/Designer-1-768x768.jpeg 768w\" sizes=\"auto, (max-width: 1024px) 100vw, 1024px\" \/><\/figure>\n\n\n\n<p><\/p>\n\n\n\n<p class=\"has-text-align-left\"><\/p>\n<\/div>\n\n\n\n<p>NSConsul&rsquo;t peut vous fournir les meilleures outils de collaboration de type office 365, Dropbox ou autre offre cloud.<\/p>\n\n\n\n<p>NSConsul&rsquo;t peut vous fournir des services d&rsquo;h\u00e9bergement en datacenter pour rendre disponible vos applications de n&rsquo;importe quel p\u00e9riph\u00e9rique ou vous affranchir d&rsquo;h\u00e9berger et devoir g\u00e9rer vos serveurs dans votre r\u00e9seau.<\/p>\n\n\n\n<p>NSConsul&rsquo;t peut aussi vous fournir diff\u00e9rentes types de sauvegardes distantes vous garantissant une sauvegarde s\u00e9curis\u00e9e et ind\u00e9pendante de votre installation.<br><\/p>\n\n\n\n<p><\/p>\n","protected":false},"excerpt":{"rendered":"<p>NSConsul&rsquo;t peut vous fournir les meilleures outils de collaboration de type office 365, Dropbox ou autre offre cloud. NSConsul&rsquo;t peut vous fournir des services d&rsquo;h\u00e9bergement en datacenter pour rendre disponible vos applications de n&rsquo;importe quel p\u00e9riph\u00e9rique ou vous affranchir d&rsquo;h\u00e9berger et devoir g\u00e9rer vos serveurs dans votre r\u00e9seau. NSConsul&rsquo;t peut aussi vous fournir diff\u00e9rentes types [&hellip;]<\/p>\n","protected":false},"author":1,"featured_media":0,"parent":0,"menu_order":0,"comment_status":"closed","ping_status":"closed","template":"","meta":{"footnotes":""},"class_list":["post-16","page","type-page","status-publish","hentry"],"_links":{"self":[{"href":"https:\/\/www.nsconsult.fr\/index.php\/wp-json\/wp\/v2\/pages\/16","targetHints":{"allow":["GET"]}}],"collection":[{"href":"https:\/\/www.nsconsult.fr\/index.php\/wp-json\/wp\/v2\/pages"}],"about":[{"href":"https:\/\/www.nsconsult.fr\/index.php\/wp-json\/wp\/v2\/types\/page"}],"author":[{"embeddable":true,"href":"https:\/\/www.nsconsult.fr\/index.php\/wp-json\/wp\/v2\/users\/1"}],"replies":[{"embeddable":true,"href":"https:\/\/www.nsconsult.fr\/index.php\/wp-json\/wp\/v2\/comments?post=16"}],"version-history":[{"count":3,"href":"https:\/\/www.nsconsult.fr\/index.php\/wp-json\/wp\/v2\/pages\/16\/revisions"}],"predecessor-version":[{"id":34,"href":"https:\/\/www.nsconsult.fr\/index.php\/wp-json\/wp\/v2\/pages\/16\/revisions\/34"}],"wp:attachment":[{"href":"https:\/\/www.nsconsult.fr\/index.php\/wp-json\/wp\/v2\/media?parent=16"}],"curies":[{"name":"wp","href":"https:\/\/api.w.org\/{rel}","templated":true}]}}