{"id":9,"date":"2025-04-04T11:54:27","date_gmt":"2025-04-04T09:54:27","guid":{"rendered":"https:\/\/www.nsconsult.fr\/?page_id=9"},"modified":"2025-04-04T12:00:50","modified_gmt":"2025-04-04T10:00:50","slug":"telephonie","status":"publish","type":"page","link":"https:\/\/www.nsconsult.fr\/index.php\/telephonie\/","title":{"rendered":"T\u00e9l\u00e9phonie"},"content":{"rendered":"\n<p>La technologie de voix sur IP appel\u00e9e \u201cVOIP\u201d vous permet de r\u00e9aliser vos appels vocaux via votre connexion Internet. Ainsi, vous n&rsquo;avez plus besoin de lignes d\u00e9di\u00e9es et la qualit\u00e9 des appels est am\u00e9lior\u00e9e.<br>Les \u00e9quipements s&rsquo;int\u00e8grent compl\u00e8tement dans votre r\u00e9seau IP, les couts sont r\u00e9duits.<br>Le r\u00e9seau cuivre des lignes t\u00e9l\u00e9phoniques classiques professionnelles sera tr\u00e8s bient\u00f4t compl\u00e8tement hors d\u2019usage et obsol\u00e8te. Il est temps de migrer votre ancienne solution sur une technologie actuelle et plus performante.<\/p>\n\n\n\n<p>.NSConsul&rsquo;t fournit des services de t\u00e9l\u00e9phonie fixe et mobile.<br>Que vous ayez besoin de simples lignes t\u00e9l\u00e9phoniques fixe ou de lignes 5G mobiles, NSConsul&rsquo;t peut vous apporter des solutions chez tous les op\u00e9rateurs. <\/p>\n\n\n\n<p><\/p>\n","protected":false},"excerpt":{"rendered":"<p>La technologie de voix sur IP appel\u00e9e \u201cVOIP\u201d vous permet de r\u00e9aliser vos appels vocaux via votre connexion Internet. Ainsi, vous n&rsquo;avez plus besoin de lignes d\u00e9di\u00e9es et la qualit\u00e9 des appels est am\u00e9lior\u00e9e.Les \u00e9quipements s&rsquo;int\u00e8grent compl\u00e8tement dans votre r\u00e9seau IP, les couts sont r\u00e9duits.Le r\u00e9seau cuivre des lignes t\u00e9l\u00e9phoniques classiques professionnelles sera tr\u00e8s bient\u00f4t [&hellip;]<\/p>\n","protected":false},"author":1,"featured_media":0,"parent":0,"menu_order":0,"comment_status":"closed","ping_status":"closed","template":"","meta":{"footnotes":""},"class_list":["post-9","page","type-page","status-publish","hentry"],"_links":{"self":[{"href":"https:\/\/www.nsconsult.fr\/index.php\/wp-json\/wp\/v2\/pages\/9","targetHints":{"allow":["GET"]}}],"collection":[{"href":"https:\/\/www.nsconsult.fr\/index.php\/wp-json\/wp\/v2\/pages"}],"about":[{"href":"https:\/\/www.nsconsult.fr\/index.php\/wp-json\/wp\/v2\/types\/page"}],"author":[{"embeddable":true,"href":"https:\/\/www.nsconsult.fr\/index.php\/wp-json\/wp\/v2\/users\/1"}],"replies":[{"embeddable":true,"href":"https:\/\/www.nsconsult.fr\/index.php\/wp-json\/wp\/v2\/comments?post=9"}],"version-history":[{"count":3,"href":"https:\/\/www.nsconsult.fr\/index.php\/wp-json\/wp\/v2\/pages\/9\/revisions"}],"predecessor-version":[{"id":12,"href":"https:\/\/www.nsconsult.fr\/index.php\/wp-json\/wp\/v2\/pages\/9\/revisions\/12"}],"wp:attachment":[{"href":"https:\/\/www.nsconsult.fr\/index.php\/wp-json\/wp\/v2\/media?parent=9"}],"curies":[{"name":"wp","href":"https:\/\/api.w.org\/{rel}","templated":true}]}}